{"id":1084,"date":"2020-10-22T12:48:37","date_gmt":"2020-10-22T10:48:37","guid":{"rendered":"http:\/\/kuriosite.fr\/?page_id=1084"},"modified":"2025-09-18T10:28:57","modified_gmt":"2025-09-18T08:28:57","slug":"nos-solutions-graphiques","status":"publish","type":"page","link":"https:\/\/kuriosite.fr\/index.php\/nos-solutions-graphiques\/","title":{"rendered":"NOS SOLUTIONS GRAPHIQUES"},"content":{"rendered":"<div class=\"wp-block-image is-resized\">\n<figure class=\"alignleft size-large\"><img loading=\"lazy\" decoding=\"async\" width=\"372\" height=\"1024\" src=\"https:\/\/kuriosite.fr\/wp-content\/uploads\/2020\/10\/ZEBRE-372x1024.jpg\" alt=\"\" class=\"wp-image-1085\" style=\"width:192px;height:auto\" srcset=\"https:\/\/kuriosite.fr\/wp-content\/uploads\/2020\/10\/ZEBRE-372x1024.jpg 372w, https:\/\/kuriosite.fr\/wp-content\/uploads\/2020\/10\/ZEBRE-109x300.jpg 109w, https:\/\/kuriosite.fr\/wp-content\/uploads\/2020\/10\/ZEBRE.jpg 521w\" sizes=\"auto, (max-width: 372px) 100vw, 372px\" \/><\/figure><\/div>\n\n\n<p>Quel que soit votre projet, nous nous engageons \u00e0 vous d\u00e9livrer des supports de communication ultra-personnalis\u00e9s, qui correspondent \u00e0 votre univers graphique, que vous ayez d\u00e9j\u00e0 une charte graphique ou pas.<\/p>\n\n\n\n<p>Vous souhaitez faire preuve d\u2019originalit\u00e9 et transmettre une image professionnelle haut-de-gamme, nous sommes \u00e0 votre \u00e9coute pour le traduire en images.<\/p>\n\n\n\n<p>Nos solutions graphiques en d\u00e9tail :<br>\u2022 Identit\u00e9 visuelle<br>\u2022 Logo &#8211; Charte graphique<br>\u2022 Cr\u00e9ation de flyers, d\u00e9pliants, cartons d&rsquo;invitation\u2026<br>\u2022 Cr\u00e9ation de plaquettes commerciales<br>\u2022 Cr\u00e9ation d&rsquo;affiches<br>\u2022 Supports de communication originaux<br>\u2022 Vos vitrine<br>\u2022 \u2026<\/p>\n\n\n\n<figure class=\"wp-block-gallery has-nested-images columns-default is-cropped wp-block-gallery-1 is-layout-flex wp-block-gallery-is-layout-flex\">\n<figure class=\"wp-block-image size-large\"><img loading=\"lazy\" decoding=\"async\" width=\"1024\" height=\"1024\" data-id=\"5472\" src=\"https:\/\/kuriosite.fr\/wp-content\/uploads\/2025\/09\/logo_creeamalakoff-OK-1024x1024.jpg\" alt=\"\" class=\"wp-image-5472\" srcset=\"https:\/\/kuriosite.fr\/wp-content\/uploads\/2025\/09\/logo_creeamalakoff-OK-1024x1024.jpg 1024w, https:\/\/kuriosite.fr\/wp-content\/uploads\/2025\/09\/logo_creeamalakoff-OK-300x300.jpg 300w, https:\/\/kuriosite.fr\/wp-content\/uploads\/2025\/09\/logo_creeamalakoff-OK-150x150.jpg 150w, https:\/\/kuriosite.fr\/wp-content\/uploads\/2025\/09\/logo_creeamalakoff-OK-768x768.jpg 768w, https:\/\/kuriosite.fr\/wp-content\/uploads\/2025\/09\/logo_creeamalakoff-OK-1240x1240.jpg 1240w, https:\/\/kuriosite.fr\/wp-content\/uploads\/2025\/09\/logo_creeamalakoff-OK-508x508.jpg 508w, https:\/\/kuriosite.fr\/wp-content\/uploads\/2025\/09\/logo_creeamalakoff-OK.jpg 1419w\" sizes=\"auto, (max-width: 1024px) 100vw, 1024px\" \/><\/figure>\n\n\n\n<figure class=\"wp-block-image size-large\"><img loading=\"lazy\" decoding=\"async\" width=\"567\" height=\"567\" data-id=\"5470\" src=\"https:\/\/kuriosite.fr\/wp-content\/uploads\/2025\/09\/NEW-LOGO_Plan-de-travail-1.jpg\" alt=\"\" class=\"wp-image-5470\" srcset=\"https:\/\/kuriosite.fr\/wp-content\/uploads\/2025\/09\/NEW-LOGO_Plan-de-travail-1.jpg 567w, https:\/\/kuriosite.fr\/wp-content\/uploads\/2025\/09\/NEW-LOGO_Plan-de-travail-1-300x300.jpg 300w, https:\/\/kuriosite.fr\/wp-content\/uploads\/2025\/09\/NEW-LOGO_Plan-de-travail-1-150x150.jpg 150w, https:\/\/kuriosite.fr\/wp-content\/uploads\/2025\/09\/NEW-LOGO_Plan-de-travail-1-508x508.jpg 508w\" sizes=\"auto, (max-width: 567px) 100vw, 567px\" \/><\/figure>\n\n\n\n<figure class=\"wp-block-image size-large\"><img loading=\"lazy\" decoding=\"async\" width=\"1001\" height=\"891\" data-id=\"5473\" src=\"https:\/\/kuriosite.fr\/wp-content\/uploads\/2025\/09\/LOGO-CARTOUCHE-RVB-03.jpg\" alt=\"\" class=\"wp-image-5473\" srcset=\"https:\/\/kuriosite.fr\/wp-content\/uploads\/2025\/09\/LOGO-CARTOUCHE-RVB-03.jpg 1001w, https:\/\/kuriosite.fr\/wp-content\/uploads\/2025\/09\/LOGO-CARTOUCHE-RVB-03-300x267.jpg 300w, https:\/\/kuriosite.fr\/wp-content\/uploads\/2025\/09\/LOGO-CARTOUCHE-RVB-03-768x684.jpg 768w, https:\/\/kuriosite.fr\/wp-content\/uploads\/2025\/09\/LOGO-CARTOUCHE-RVB-03-508x452.jpg 508w\" sizes=\"auto, (max-width: 1001px) 100vw, 1001px\" \/><\/figure>\n\n\n\n<figure class=\"wp-block-image size-large is-resized\"><img loading=\"lazy\" decoding=\"async\" width=\"735\" height=\"1024\" data-id=\"5471\" src=\"https:\/\/kuriosite.fr\/wp-content\/uploads\/2025\/09\/FLYER_Plan-de-travail-1-735x1024.png\" alt=\"\" class=\"wp-image-5471\" style=\"width:181px;height:auto\" srcset=\"https:\/\/kuriosite.fr\/wp-content\/uploads\/2025\/09\/FLYER_Plan-de-travail-1-735x1024.png 735w, https:\/\/kuriosite.fr\/wp-content\/uploads\/2025\/09\/FLYER_Plan-de-travail-1-215x300.png 215w, https:\/\/kuriosite.fr\/wp-content\/uploads\/2025\/09\/FLYER_Plan-de-travail-1-768x1070.png 768w, https:\/\/kuriosite.fr\/wp-content\/uploads\/2025\/09\/FLYER_Plan-de-travail-1-508x708.png 508w, https:\/\/kuriosite.fr\/wp-content\/uploads\/2025\/09\/FLYER_Plan-de-travail-1.png 933w\" sizes=\"auto, (max-width: 735px) 100vw, 735px\" \/><\/figure>\n\n\n\n<figure class=\"wp-block-image size-large\"><img loading=\"lazy\" decoding=\"async\" width=\"1024\" height=\"765\" data-id=\"1118\" src=\"https:\/\/kuriosite.fr\/wp-content\/uploads\/2020\/10\/PLV-01-1024x765.jpg\" alt=\"\" class=\"wp-image-1118\" srcset=\"https:\/\/kuriosite.fr\/wp-content\/uploads\/2020\/10\/PLV-01-1024x765.jpg 1024w, https:\/\/kuriosite.fr\/wp-content\/uploads\/2020\/10\/PLV-01-300x224.jpg 300w, https:\/\/kuriosite.fr\/wp-content\/uploads\/2020\/10\/PLV-01-768x573.jpg 768w, https:\/\/kuriosite.fr\/wp-content\/uploads\/2020\/10\/PLV-01-1536x1147.jpg 1536w, https:\/\/kuriosite.fr\/wp-content\/uploads\/2020\/10\/PLV-01-2048x1529.jpg 2048w\" sizes=\"auto, (max-width: 1024px) 100vw, 1024px\" \/><\/figure>\n<\/figure>\n","protected":false},"excerpt":{"rendered":"<p>Quel que soit votre projet, nous nous engageons \u00e0 vous d\u00e9livrer des supports de communication ultra-personnalis\u00e9s, qui correspondent \u00e0 votre univers graphique, que vous ayez d\u00e9j\u00e0 une charte graphique ou pas. Vous souhaitez faire preuve d\u2019originalit\u00e9 et transmettre une image professionnelle haut-de-gamme, nous sommes \u00e0 votre \u00e9coute pour le traduire en images. Nos solutions graphiques [&hellip;]<\/p>\n","protected":false},"author":1,"featured_media":0,"parent":0,"menu_order":6,"comment_status":"closed","ping_status":"closed","template":"","meta":{"_monsterinsights_skip_tracking":false,"_monsterinsights_sitenote_active":false,"_monsterinsights_sitenote_note":"","_monsterinsights_sitenote_category":0,"_uf_show_specific_survey":0,"_uf_disable_surveys":false,"footnotes":""},"class_list":["post-1084","page","type-page","status-publish","hentry"],"jetpack-related-posts":[],"jetpack_sharing_enabled":true,"_links":{"self":[{"href":"https:\/\/kuriosite.fr\/index.php\/wp-json\/wp\/v2\/pages\/1084","targetHints":{"allow":["GET"]}}],"collection":[{"href":"https:\/\/kuriosite.fr\/index.php\/wp-json\/wp\/v2\/pages"}],"about":[{"href":"https:\/\/kuriosite.fr\/index.php\/wp-json\/wp\/v2\/types\/page"}],"author":[{"embeddable":true,"href":"https:\/\/kuriosite.fr\/index.php\/wp-json\/wp\/v2\/users\/1"}],"replies":[{"embeddable":true,"href":"https:\/\/kuriosite.fr\/index.php\/wp-json\/wp\/v2\/comments?post=1084"}],"version-history":[{"count":4,"href":"https:\/\/kuriosite.fr\/index.php\/wp-json\/wp\/v2\/pages\/1084\/revisions"}],"predecessor-version":[{"id":5474,"href":"https:\/\/kuriosite.fr\/index.php\/wp-json\/wp\/v2\/pages\/1084\/revisions\/5474"}],"wp:attachment":[{"href":"https:\/\/kuriosite.fr\/index.php\/wp-json\/wp\/v2\/media?parent=1084"}],"curies":[{"name":"wp","href":"https:\/\/api.w.org\/{rel}","templated":true}]}}