{"id":212,"date":"2019-02-04T10:53:53","date_gmt":"2019-02-04T09:53:53","guid":{"rendered":"http:\/\/kuriosite.fr\/?page_id=212"},"modified":"2025-09-18T11:44:36","modified_gmt":"2025-09-18T09:44:36","slug":"nos-solutions-pour-les-particuliers","status":"publish","type":"page","link":"https:\/\/kuriosite.fr\/index.php\/nos-solutions-pour-les-particuliers\/","title":{"rendered":"NOS ATELIERS"},"content":{"rendered":"\n<p class=\"has-text-align-left\"><em>Inspir\u00e9 de l\u2019esprit des cabinets de curiosit\u00e9, Kuriosit\u00e9 propose des exp\u00e9riences uniques o\u00f9 la nature, l\u2019art et la<\/em> <em>science se rencontrent. Chaque atelier est une invitation \u00e0 explorer, \u00e0 exp\u00e9rimenter et \u00e0 cr\u00e9er, dans une<\/em> <em>ambiance conviviale et raffin\u00e9e.<\/em><\/p>\n\n\n\n<p class=\"has-text-align-left\"><\/p>\n\n\n\n<p class=\"has-text-align-left\"><\/p>\n\n\n\n<div class=\"wp-block-jetpack-slideshow aligncenter\" data-effect=\"slide\" style=\"--aspect-ratio:calc(600 \/ 800)\"><div class=\"wp-block-jetpack-slideshow_container swiper\"><ul class=\"wp-block-jetpack-slideshow_swiper-wrapper swiper-wrapper\"><li class=\"wp-block-jetpack-slideshow_slide swiper-slide\"><figure><img loading=\"lazy\" decoding=\"async\" width=\"768\" height=\"1024\" alt=\"\" class=\"wp-block-jetpack-slideshow_image wp-image-5490\" data-id=\"5490\" data-aspect-ratio=\"600 \/ 800\" src=\"https:\/\/kuriosite.fr\/wp-content\/uploads\/2025\/09\/IMG_9864-768x1024.jpeg\" srcset=\"https:\/\/kuriosite.fr\/wp-content\/uploads\/2025\/09\/IMG_9864-768x1024.jpeg 768w, https:\/\/kuriosite.fr\/wp-content\/uploads\/2025\/09\/IMG_9864-225x300.jpeg 225w, https:\/\/kuriosite.fr\/wp-content\/uploads\/2025\/09\/IMG_9864-1152x1536.jpeg 1152w, https:\/\/kuriosite.fr\/wp-content\/uploads\/2025\/09\/IMG_9864-1536x2048.jpeg 1536w, https:\/\/kuriosite.fr\/wp-content\/uploads\/2025\/09\/IMG_9864-1240x1653.jpeg 1240w, https:\/\/kuriosite.fr\/wp-content\/uploads\/2025\/09\/IMG_9864-508x677.jpeg 508w, https:\/\/kuriosite.fr\/wp-content\/uploads\/2025\/09\/IMG_9864-scaled.jpeg 1920w\" sizes=\"(max-width: 768px) 100vw, 768px\" \/><\/figure><\/li><li class=\"wp-block-jetpack-slideshow_slide swiper-slide\"><figure><img loading=\"lazy\" decoding=\"async\" width=\"2560\" height=\"1920\" alt=\"\" class=\"wp-block-jetpack-slideshow_image wp-image-5489\" data-id=\"5489\" src=\"https:\/\/kuriosite.fr\/wp-content\/uploads\/2025\/09\/IMG_3827-scaled.jpeg\" srcset=\"https:\/\/kuriosite.fr\/wp-content\/uploads\/2025\/09\/IMG_3827-scaled.jpeg 2560w, https:\/\/kuriosite.fr\/wp-content\/uploads\/2025\/09\/IMG_3827-300x225.jpeg 300w\" sizes=\"(max-width: 2560px) 100vw, 2560px\" \/><\/figure><\/li><li class=\"wp-block-jetpack-slideshow_slide swiper-slide\"><figure><img loading=\"lazy\" decoding=\"async\" width=\"768\" height=\"1024\" alt=\"\" class=\"wp-block-jetpack-slideshow_image wp-image-5488\" data-id=\"5488\" data-aspect-ratio=\"600 \/ 800\" src=\"https:\/\/kuriosite.fr\/wp-content\/uploads\/2025\/09\/IMG_0702-768x1024.jpeg\" srcset=\"https:\/\/kuriosite.fr\/wp-content\/uploads\/2025\/09\/IMG_0702-768x1024.jpeg 768w, https:\/\/kuriosite.fr\/wp-content\/uploads\/2025\/09\/IMG_0702-225x300.jpeg 225w, https:\/\/kuriosite.fr\/wp-content\/uploads\/2025\/09\/IMG_0702-1152x1536.jpeg 1152w, https:\/\/kuriosite.fr\/wp-content\/uploads\/2025\/09\/IMG_0702-1536x2048.jpeg 1536w, https:\/\/kuriosite.fr\/wp-content\/uploads\/2025\/09\/IMG_0702-1240x1653.jpeg 1240w, https:\/\/kuriosite.fr\/wp-content\/uploads\/2025\/09\/IMG_0702-508x677.jpeg 508w, https:\/\/kuriosite.fr\/wp-content\/uploads\/2025\/09\/IMG_0702-scaled.jpeg 1920w\" sizes=\"(max-width: 768px) 100vw, 768px\" \/><\/figure><\/li><li class=\"wp-block-jetpack-slideshow_slide swiper-slide\"><figure><img loading=\"lazy\" decoding=\"async\" width=\"2560\" height=\"1920\" alt=\"\" class=\"wp-block-jetpack-slideshow_image wp-image-5487\" data-id=\"5487\" src=\"https:\/\/kuriosite.fr\/wp-content\/uploads\/2025\/09\/IMG_7788-scaled.jpeg\" srcset=\"https:\/\/kuriosite.fr\/wp-content\/uploads\/2025\/09\/IMG_7788-scaled.jpeg 2560w, https:\/\/kuriosite.fr\/wp-content\/uploads\/2025\/09\/IMG_7788-300x225.jpeg 300w\" sizes=\"(max-width: 2560px) 100vw, 2560px\" \/><\/figure><\/li><li class=\"wp-block-jetpack-slideshow_slide swiper-slide\"><figure><img loading=\"lazy\" decoding=\"async\" width=\"1920\" height=\"2560\" alt=\"\" class=\"wp-block-jetpack-slideshow_image wp-image-5486\" data-id=\"5486\" src=\"https:\/\/kuriosite.fr\/wp-content\/uploads\/2025\/09\/IMG_4718-scaled.jpeg\" srcset=\"https:\/\/kuriosite.fr\/wp-content\/uploads\/2025\/09\/IMG_4718-scaled.jpeg 1920w, https:\/\/kuriosite.fr\/wp-content\/uploads\/2025\/09\/IMG_4718-225x300.jpeg 225w\" sizes=\"(max-width: 1920px) 100vw, 1920px\" \/><\/figure><\/li><li class=\"wp-block-jetpack-slideshow_slide swiper-slide\"><figure><img loading=\"lazy\" decoding=\"async\" width=\"768\" height=\"1024\" alt=\"\" class=\"wp-block-jetpack-slideshow_image wp-image-5485\" data-id=\"5485\" data-aspect-ratio=\"600 \/ 800\" src=\"https:\/\/kuriosite.fr\/wp-content\/uploads\/2025\/09\/IMG_4184-768x1024.jpg\" srcset=\"https:\/\/kuriosite.fr\/wp-content\/uploads\/2025\/09\/IMG_4184-768x1024.jpg 768w, https:\/\/kuriosite.fr\/wp-content\/uploads\/2025\/09\/IMG_4184-225x300.jpg 225w, https:\/\/kuriosite.fr\/wp-content\/uploads\/2025\/09\/IMG_4184-1152x1536.jpg 1152w, https:\/\/kuriosite.fr\/wp-content\/uploads\/2025\/09\/IMG_4184-1536x2048.jpg 1536w, https:\/\/kuriosite.fr\/wp-content\/uploads\/2025\/09\/IMG_4184-1240x1653.jpg 1240w, https:\/\/kuriosite.fr\/wp-content\/uploads\/2025\/09\/IMG_4184-508x677.jpg 508w, https:\/\/kuriosite.fr\/wp-content\/uploads\/2025\/09\/IMG_4184-scaled.jpg 1920w\" sizes=\"(max-width: 768px) 100vw, 768px\" \/><\/figure><\/li><li class=\"wp-block-jetpack-slideshow_slide swiper-slide\"><figure><img loading=\"lazy\" decoding=\"async\" width=\"1920\" height=\"2560\" alt=\"\" class=\"wp-block-jetpack-slideshow_image wp-image-5484\" data-id=\"5484\" src=\"https:\/\/kuriosite.fr\/wp-content\/uploads\/2025\/09\/IMG_3822-scaled.jpeg\" srcset=\"https:\/\/kuriosite.fr\/wp-content\/uploads\/2025\/09\/IMG_3822-scaled.jpeg 1920w, https:\/\/kuriosite.fr\/wp-content\/uploads\/2025\/09\/IMG_3822-225x300.jpeg 225w\" sizes=\"(max-width: 1920px) 100vw, 1920px\" \/><\/figure><\/li><li class=\"wp-block-jetpack-slideshow_slide swiper-slide\"><figure><img loading=\"lazy\" decoding=\"async\" width=\"1920\" height=\"2560\" alt=\"\" class=\"wp-block-jetpack-slideshow_image wp-image-5483\" data-id=\"5483\" src=\"https:\/\/kuriosite.fr\/wp-content\/uploads\/2025\/09\/IMG_8609-scaled.jpeg\" srcset=\"https:\/\/kuriosite.fr\/wp-content\/uploads\/2025\/09\/IMG_8609-scaled.jpeg 1920w, https:\/\/kuriosite.fr\/wp-content\/uploads\/2025\/09\/IMG_8609-225x300.jpeg 225w\" sizes=\"(max-width: 1920px) 100vw, 1920px\" \/><\/figure><\/li><li class=\"wp-block-jetpack-slideshow_slide swiper-slide\"><figure><img loading=\"lazy\" decoding=\"async\" width=\"768\" height=\"1024\" alt=\"\" class=\"wp-block-jetpack-slideshow_image wp-image-5482\" data-id=\"5482\" data-aspect-ratio=\"600 \/ 800\" src=\"https:\/\/kuriosite.fr\/wp-content\/uploads\/2025\/09\/IMG_3825-768x1024.jpeg\" srcset=\"https:\/\/kuriosite.fr\/wp-content\/uploads\/2025\/09\/IMG_3825-768x1024.jpeg 768w, https:\/\/kuriosite.fr\/wp-content\/uploads\/2025\/09\/IMG_3825-225x300.jpeg 225w, https:\/\/kuriosite.fr\/wp-content\/uploads\/2025\/09\/IMG_3825-1152x1536.jpeg 1152w, https:\/\/kuriosite.fr\/wp-content\/uploads\/2025\/09\/IMG_3825-1536x2048.jpeg 1536w, https:\/\/kuriosite.fr\/wp-content\/uploads\/2025\/09\/IMG_3825-1240x1653.jpeg 1240w, https:\/\/kuriosite.fr\/wp-content\/uploads\/2025\/09\/IMG_3825-508x677.jpeg 508w, https:\/\/kuriosite.fr\/wp-content\/uploads\/2025\/09\/IMG_3825-scaled.jpeg 1920w\" sizes=\"(max-width: 768px) 100vw, 768px\" \/><\/figure><\/li><li class=\"wp-block-jetpack-slideshow_slide swiper-slide\"><figure><img loading=\"lazy\" decoding=\"async\" width=\"1024\" height=\"1024\" alt=\"\" class=\"wp-block-jetpack-slideshow_image wp-image-5481\" data-id=\"5481\" data-aspect-ratio=\"600 \/ 600\" src=\"https:\/\/kuriosite.fr\/wp-content\/uploads\/2025\/09\/IMG_0269-1024x1024.jpeg\" srcset=\"https:\/\/kuriosite.fr\/wp-content\/uploads\/2025\/09\/IMG_0269-1024x1024.jpeg 1024w, https:\/\/kuriosite.fr\/wp-content\/uploads\/2025\/09\/IMG_0269-300x300.jpeg 300w, https:\/\/kuriosite.fr\/wp-content\/uploads\/2025\/09\/IMG_0269-150x150.jpeg 150w, https:\/\/kuriosite.fr\/wp-content\/uploads\/2025\/09\/IMG_0269-768x768.jpeg 768w, https:\/\/kuriosite.fr\/wp-content\/uploads\/2025\/09\/IMG_0269-1536x1536.jpeg 1536w, https:\/\/kuriosite.fr\/wp-content\/uploads\/2025\/09\/IMG_0269-2048x2048.jpeg 2048w, https:\/\/kuriosite.fr\/wp-content\/uploads\/2025\/09\/IMG_0269-1240x1240.jpeg 1240w, https:\/\/kuriosite.fr\/wp-content\/uploads\/2025\/09\/IMG_0269-508x508.jpeg 508w\" sizes=\"(max-width: 1024px) 100vw, 1024px\" \/><\/figure><\/li><\/ul><a class=\"wp-block-jetpack-slideshow_button-prev swiper-button-prev swiper-button-white\" role=\"button\"><\/a><a class=\"wp-block-jetpack-slideshow_button-next swiper-button-next swiper-button-white\" role=\"button\"><\/a><a aria-label=\"Pause Slideshow\" class=\"wp-block-jetpack-slideshow_button-pause\" role=\"button\"><\/a><div class=\"wp-block-jetpack-slideshow_pagination swiper-pagination swiper-pagination-white\"><\/div><\/div><\/div>\n\n\n<p><a title=\"Vente de billets en ligne\" href=\"https:\/\/www.billetweb.fr\/multi_event.php?multi=43073&#038;color=407377\"  class=\"shop_frame\"  target=\"_blank\"  data-src=\"https:\/\/www.billetweb.fr\/multi_event.php?multi=43073&#038;color=407377\"  data-max-width=\"100%\"  data-initial-height=\"600\" data-scrolling=\"no\"  data-id=\"43073\"  data-resize=\"1\">Vente de billets en ligne<\/a><script type=\"text\/javascript\" src=\"https:\/\/www.billetweb.fr\/js\/export.js\"><\/script><\/p>\n\n\n\n<p><\/p>\n","protected":false},"excerpt":{"rendered":"<p>Inspir\u00e9 de l\u2019esprit des cabinets de curiosit\u00e9, Kuriosit\u00e9 propose des exp\u00e9riences uniques o\u00f9 la nature, l\u2019art et la science se rencontrent. Chaque atelier est une invitation \u00e0 explorer, \u00e0 exp\u00e9rimenter et \u00e0 cr\u00e9er, dans une ambiance conviviale et raffin\u00e9e.<\/p>\n","protected":false},"author":1,"featured_media":0,"parent":0,"menu_order":8,"comment_status":"closed","ping_status":"closed","template":"","meta":{"_monsterinsights_skip_tracking":false,"_monsterinsights_sitenote_active":false,"_monsterinsights_sitenote_note":"","_monsterinsights_sitenote_category":0,"_uf_show_specific_survey":0,"_uf_disable_surveys":false,"footnotes":""},"class_list":["post-212","page","type-page","status-publish","hentry"],"jetpack-related-posts":[],"jetpack_sharing_enabled":true,"_links":{"self":[{"href":"https:\/\/kuriosite.fr\/index.php\/wp-json\/wp\/v2\/pages\/212","targetHints":{"allow":["GET"]}}],"collection":[{"href":"https:\/\/kuriosite.fr\/index.php\/wp-json\/wp\/v2\/pages"}],"about":[{"href":"https:\/\/kuriosite.fr\/index.php\/wp-json\/wp\/v2\/types\/page"}],"author":[{"embeddable":true,"href":"https:\/\/kuriosite.fr\/index.php\/wp-json\/wp\/v2\/users\/1"}],"replies":[{"embeddable":true,"href":"https:\/\/kuriosite.fr\/index.php\/wp-json\/wp\/v2\/comments?post=212"}],"version-history":[{"count":11,"href":"https:\/\/kuriosite.fr\/index.php\/wp-json\/wp\/v2\/pages\/212\/revisions"}],"predecessor-version":[{"id":5521,"href":"https:\/\/kuriosite.fr\/index.php\/wp-json\/wp\/v2\/pages\/212\/revisions\/5521"}],"wp:attachment":[{"href":"https:\/\/kuriosite.fr\/index.php\/wp-json\/wp\/v2\/media?parent=212"}],"curies":[{"name":"wp","href":"https:\/\/api.w.org\/{rel}","templated":true}]}}