{"id":5503,"date":"2025-09-18T11:33:20","date_gmt":"2025-09-18T09:33:20","guid":{"rendered":"https:\/\/kuriosite.fr\/?page_id=5503"},"modified":"2025-09-19T11:47:46","modified_gmt":"2025-09-19T09:47:46","slug":"les-ateliers-de-coutures","status":"publish","type":"page","link":"https:\/\/kuriosite.fr\/index.php\/les-ateliers-de-coutures\/","title":{"rendered":"Les Ateliers de coutures"},"content":{"rendered":"\n<div class=\"wp-block-media-text is-stacked-on-mobile\"><figure class=\"wp-block-media-text__media\"><img loading=\"lazy\" decoding=\"async\" width=\"768\" height=\"1024\" src=\"https:\/\/kuriosite.fr\/wp-content\/uploads\/2025\/09\/IMG_1590-768x1024.jpeg\" alt=\"\" class=\"wp-image-5504 size-full\" srcset=\"https:\/\/kuriosite.fr\/wp-content\/uploads\/2025\/09\/IMG_1590-768x1024.jpeg 768w, https:\/\/kuriosite.fr\/wp-content\/uploads\/2025\/09\/IMG_1590-225x300.jpeg 225w, https:\/\/kuriosite.fr\/wp-content\/uploads\/2025\/09\/IMG_1590-1152x1536.jpeg 1152w, https:\/\/kuriosite.fr\/wp-content\/uploads\/2025\/09\/IMG_1590-1536x2048.jpeg 1536w, https:\/\/kuriosite.fr\/wp-content\/uploads\/2025\/09\/IMG_1590-1240x1653.jpeg 1240w, https:\/\/kuriosite.fr\/wp-content\/uploads\/2025\/09\/IMG_1590-508x677.jpeg 508w, https:\/\/kuriosite.fr\/wp-content\/uploads\/2025\/09\/IMG_1590-scaled.jpeg 1920w\" sizes=\"auto, (max-width: 768px) 100vw, 768px\" \/><\/figure><div class=\"wp-block-media-text__content\">\n<p>\u2728&nbsp;<strong>Kuriosit\u00e9 \u2013 Les Ateliers de Couture<\/strong>&nbsp;\u2728<\/p>\n\n\n\n<p>Dans l\u2019esprit des cabinets de curiosit\u00e9, o\u00f9 l\u2019on cultivait l\u2019art, le savoir et le geste pr\u00e9cieux,&nbsp;<strong>Kuriosit\u00e9<\/strong>&nbsp;vous invite \u00e0 d\u00e9couvrir ou approfondir l\u2019univers de la couture. Chaque cours est pens\u00e9 comme un moment d\u2019apprentissage pratique, mais aussi comme un temps de cr\u00e9ativit\u00e9 et de plaisir, pour redonner toute sa valeur \u00e0 l\u2019art du fil et de l\u2019aiguille.<\/p>\n<\/div><\/div>\n\n\n\n<p>\ud83e\udea1&nbsp;<strong>Cours Initiation \u2013 Prendre en main la machine \u00e0 coudre<\/strong><br>Id\u00e9al pour les grands d\u00e9butants, ce cours vous permet de dompter la machine \u00e0 coudre : enfilage du fil, canette, r\u00e9glages de base, points principaux et exercices simples. L\u2019objectif : acqu\u00e9rir confiance et autonomie pour d\u00e9marrer vos premiers projets sans crainte.<\/p>\n\n\n\n<p>\ud83e\udea1&nbsp;<strong>\u00c9tape 1 \u2013 Initiation : Prendre en main la machine \u00e0 coudre<\/strong><br>Objectif : d\u00e9passer l\u2019appr\u00e9hension et comprendre les bases techniques.<\/p>\n\n\n\n<ul class=\"wp-block-list\">\n<li>D\u00e9couverte de la machine : enfilage, canette, r\u00e9glages.<\/li>\n\n\n\n<li>Exercices simples pour s\u2019habituer aux diff\u00e9rents points.<\/li>\n\n\n\n<li>R\u00e9alisation d\u2019un petit \u00e9chantillon test.<\/li>\n<\/ul>\n\n\n\n<p>\ud83d\udc49 \u00c0 la fin de cette \u00e9tape, vous \u00eates autonome pour utiliser une machine \u00e0 coudre sans crainte.<\/p>\n\n\n\n<p>\u2702\ufe0f&nbsp;<strong>Cours D\u00e9butants \u2013 Premiers projets couture<\/strong><br>Vous passez de la technique \u00e0 la cr\u00e9ation : r\u00e9aliser de petits accessoires textiles (trousse, sac, coussin, etc.) en suivant un pas \u00e0 pas. Vous d\u00e9couvrirez les bases de la coupe, l\u2019assemblage, les finitions simples et gagnerez en assurance. Un cours pratique et gratifiant, pour repartir avec vos premi\u00e8res r\u00e9alisations faites main.<\/p>\n\n\n\n<p>\u2702\ufe0f&nbsp;<strong>\u00c9tape 2 \u2013 D\u00e9butants : Premiers projets couture<\/strong><br>Objectif : apprendre en r\u00e9alisant.<\/p>\n\n\n\n<ul class=\"wp-block-list\">\n<li>Initiation \u00e0 la coupe et \u00e0 l\u2019assemblage.<\/li>\n\n\n\n<li>Confection de petits accessoires textiles (trousse, tote bag, coussin\u2026).<\/li>\n\n\n\n<li>Introduction aux finitions simples et aux techniques d\u2019assemblage.<\/li>\n<\/ul>\n\n\n\n<p>\ud83d\udc49 \u00c0 la fin de cette \u00e9tape, vous repartez avec vos premi\u00e8res cr\u00e9ations et les bases solides pour continuer<\/p>\n\n\n\n<p>\ud83e\uddf5&nbsp;<strong>Cours Perfectionnement \u2013 Aller plus loin en couture<\/strong><br>Ce cours s\u2019adresse \u00e0 celles et ceux qui ma\u00eetrisent d\u00e9j\u00e0 les bases et souhaitent progresser. Vous apprendrez \u00e0 travailler des tissus vari\u00e9s, \u00e0 soigner les finitions, \u00e0 poser une fermeture ou encore \u00e0 adapter un patron. L\u2019accent est mis sur la pr\u00e9cision, l\u2019astuce et la personnalisation de vos projets.<\/p>\n\n\n\n<p>\ud83e\uddf5&nbsp;<strong>\u00c9tape 3 \u2013 Perfectionnement : Pr\u00e9cision et cr\u00e9ativit\u00e9<\/strong><br>Objectif : aller plus loin et acqu\u00e9rir de l\u2019assurance.<\/p>\n\n\n\n<ul class=\"wp-block-list\">\n<li>Approfondissement des techniques (pose de fermeture, doublure, ourlets soign\u00e9s).<\/li>\n\n\n\n<li>Exploration de tissus vari\u00e9s (coton, lin, jersey, etc.).<\/li>\n\n\n\n<li>Adaptation de patrons et personnalisation de projets.<\/li>\n<\/ul>\n\n\n\n<p>\ud83d\udc49 \u00c0 la fin de cette \u00e9tape, vous gagnez en pr\u00e9cision et en cr\u00e9ativit\u00e9, capable de r\u00e9aliser des pi\u00e8ces uniques adapt\u00e9es \u00e0 vos envies.<\/p>\n\n\n\n<p>\u2728 Avec&nbsp;<strong>Kuriosit\u00e9<\/strong>, chaque s\u00e9ance de couture devient plus qu\u2019un simple cours : un temps privil\u00e9gi\u00e9 pour apprendre, cr\u00e9er et d\u00e9velopper son savoir-faire, dans une ambiance chaleureuse et inspirante.<\/p>\n\n\n\n<div class=\"wp-block-jetpack-tiled-gallery aligncenter is-style-rectangular\"><div class=\"\"><div class=\"tiled-gallery__gallery\"><div class=\"tiled-gallery__row\"><div class=\"tiled-gallery__col\" style=\"flex-basis:30.01021%\"><figure class=\"tiled-gallery__item\"><img decoding=\"async\" srcset=\"https:\/\/i0.wp.com\/kuriosite.fr\/wp-content\/uploads\/2025\/09\/60216258920__831B46BB-C536-4EE1-B8F9-763CA66FBE54-768x1024.jpg?strip=info&#038;w=600&#038;ssl=1 600w,https:\/\/i0.wp.com\/kuriosite.fr\/wp-content\/uploads\/2025\/09\/60216258920__831B46BB-C536-4EE1-B8F9-763CA66FBE54-768x1024.jpg?strip=info&#038;w=900&#038;ssl=1 900w,https:\/\/i0.wp.com\/kuriosite.fr\/wp-content\/uploads\/2025\/09\/60216258920__831B46BB-C536-4EE1-B8F9-763CA66FBE54-768x1024.jpg?strip=info&#038;w=1200&#038;ssl=1 1200w,https:\/\/i0.wp.com\/kuriosite.fr\/wp-content\/uploads\/2025\/09\/60216258920__831B46BB-C536-4EE1-B8F9-763CA66FBE54-768x1024.jpg?strip=info&#038;w=1500&#038;ssl=1 1500w,https:\/\/i0.wp.com\/kuriosite.fr\/wp-content\/uploads\/2025\/09\/60216258920__831B46BB-C536-4EE1-B8F9-763CA66FBE54-768x1024.jpg?strip=info&#038;w=1800&#038;ssl=1 1800w,https:\/\/i0.wp.com\/kuriosite.fr\/wp-content\/uploads\/2025\/09\/60216258920__831B46BB-C536-4EE1-B8F9-763CA66FBE54-768x1024.jpg?strip=info&#038;w=1920&#038;ssl=1 1920w\" alt=\"\" data-height=\"2560\" data-id=\"5506\" data-link=\"https:\/\/kuriosite.fr\/?attachment_id=5506\" data-url=\"https:\/\/kuriosite.fr\/wp-content\/uploads\/2025\/09\/60216258920__831B46BB-C536-4EE1-B8F9-763CA66FBE54-768x1024.jpg\" data-width=\"1920\" src=\"https:\/\/i0.wp.com\/kuriosite.fr\/wp-content\/uploads\/2025\/09\/60216258920__831B46BB-C536-4EE1-B8F9-763CA66FBE54-768x1024.jpg?ssl=1\" data-amp-layout=\"responsive\"\/><\/figure><\/div><div class=\"tiled-gallery__col\" style=\"flex-basis:39.97958%\"><figure class=\"tiled-gallery__item\"><img decoding=\"async\" srcset=\"https:\/\/i0.wp.com\/kuriosite.fr\/wp-content\/uploads\/2025\/09\/IMG_0271-1024x1024.jpeg?strip=info&#038;w=600&#038;ssl=1 600w,https:\/\/i0.wp.com\/kuriosite.fr\/wp-content\/uploads\/2025\/09\/IMG_0271-1024x1024.jpeg?strip=info&#038;w=900&#038;ssl=1 900w,https:\/\/i0.wp.com\/kuriosite.fr\/wp-content\/uploads\/2025\/09\/IMG_0271-1024x1024.jpeg?strip=info&#038;w=1200&#038;ssl=1 1200w,https:\/\/i0.wp.com\/kuriosite.fr\/wp-content\/uploads\/2025\/09\/IMG_0271-1024x1024.jpeg?strip=info&#038;w=1500&#038;ssl=1 1500w,https:\/\/i0.wp.com\/kuriosite.fr\/wp-content\/uploads\/2025\/09\/IMG_0271-1024x1024.jpeg?strip=info&#038;w=1800&#038;ssl=1 1800w,https:\/\/i0.wp.com\/kuriosite.fr\/wp-content\/uploads\/2025\/09\/IMG_0271-1024x1024.jpeg?strip=info&#038;w=2000&#038;ssl=1 2000w\" alt=\"\" data-height=\"2560\" data-id=\"5505\" data-link=\"https:\/\/kuriosite.fr\/?attachment_id=5505\" data-url=\"https:\/\/kuriosite.fr\/wp-content\/uploads\/2025\/09\/IMG_0271-1024x1024.jpeg\" data-width=\"2560\" src=\"https:\/\/i0.wp.com\/kuriosite.fr\/wp-content\/uploads\/2025\/09\/IMG_0271-1024x1024.jpeg?ssl=1\" data-amp-layout=\"responsive\"\/><\/figure><\/div><div class=\"tiled-gallery__col\" style=\"flex-basis:30.01021%\"><figure class=\"tiled-gallery__item\"><img decoding=\"async\" srcset=\"https:\/\/i0.wp.com\/kuriosite.fr\/wp-content\/uploads\/2025\/09\/IMG_4811-768x1024.jpeg?strip=info&#038;w=600&#038;ssl=1 600w,https:\/\/i0.wp.com\/kuriosite.fr\/wp-content\/uploads\/2025\/09\/IMG_4811-768x1024.jpeg?strip=info&#038;w=900&#038;ssl=1 900w,https:\/\/i0.wp.com\/kuriosite.fr\/wp-content\/uploads\/2025\/09\/IMG_4811-768x1024.jpeg?strip=info&#038;w=1200&#038;ssl=1 1200w,https:\/\/i0.wp.com\/kuriosite.fr\/wp-content\/uploads\/2025\/09\/IMG_4811-768x1024.jpeg?strip=info&#038;w=1500&#038;ssl=1 1500w,https:\/\/i0.wp.com\/kuriosite.fr\/wp-content\/uploads\/2025\/09\/IMG_4811-768x1024.jpeg?strip=info&#038;w=1800&#038;ssl=1 1800w,https:\/\/i0.wp.com\/kuriosite.fr\/wp-content\/uploads\/2025\/09\/IMG_4811-768x1024.jpeg?strip=info&#038;w=1920&#038;ssl=1 1920w\" alt=\"\" data-height=\"2560\" data-id=\"5507\" data-link=\"https:\/\/kuriosite.fr\/?attachment_id=5507\" data-url=\"https:\/\/kuriosite.fr\/wp-content\/uploads\/2025\/09\/IMG_4811-768x1024.jpeg\" data-width=\"1920\" src=\"https:\/\/i0.wp.com\/kuriosite.fr\/wp-content\/uploads\/2025\/09\/IMG_4811-768x1024.jpeg?ssl=1\" data-amp-layout=\"responsive\"\/><\/figure><\/div><\/div><div class=\"tiled-gallery__row\"><div class=\"tiled-gallery__col\" style=\"flex-basis:63.96460%\"><figure class=\"tiled-gallery__item\"><img decoding=\"async\" srcset=\"https:\/\/i0.wp.com\/kuriosite.fr\/wp-content\/uploads\/2025\/09\/IMG_4971-1024x768.jpeg?strip=info&#038;w=600&#038;ssl=1 600w,https:\/\/i0.wp.com\/kuriosite.fr\/wp-content\/uploads\/2025\/09\/IMG_4971-1024x768.jpeg?strip=info&#038;w=900&#038;ssl=1 900w,https:\/\/i0.wp.com\/kuriosite.fr\/wp-content\/uploads\/2025\/09\/IMG_4971-1024x768.jpeg?strip=info&#038;w=1200&#038;ssl=1 1200w,https:\/\/i0.wp.com\/kuriosite.fr\/wp-content\/uploads\/2025\/09\/IMG_4971-1024x768.jpeg?strip=info&#038;w=1500&#038;ssl=1 1500w,https:\/\/i0.wp.com\/kuriosite.fr\/wp-content\/uploads\/2025\/09\/IMG_4971-1024x768.jpeg?strip=info&#038;w=1800&#038;ssl=1 1800w,https:\/\/i0.wp.com\/kuriosite.fr\/wp-content\/uploads\/2025\/09\/IMG_4971-1024x768.jpeg?strip=info&#038;w=2000&#038;ssl=1 2000w\" alt=\"\" data-height=\"1920\" data-id=\"5512\" data-link=\"https:\/\/kuriosite.fr\/?attachment_id=5512\" data-url=\"https:\/\/kuriosite.fr\/wp-content\/uploads\/2025\/09\/IMG_4971-1024x768.jpeg\" data-width=\"2560\" src=\"https:\/\/i0.wp.com\/kuriosite.fr\/wp-content\/uploads\/2025\/09\/IMG_4971-1024x768.jpeg?ssl=1\" data-amp-layout=\"responsive\"\/><\/figure><\/div><div class=\"tiled-gallery__col\" style=\"flex-basis:36.03540%\"><figure class=\"tiled-gallery__item\"><img decoding=\"async\" srcset=\"https:\/\/i0.wp.com\/kuriosite.fr\/wp-content\/uploads\/2025\/09\/IMG_6447-768x1024.jpeg?strip=info&#038;w=600&#038;ssl=1 600w,https:\/\/i0.wp.com\/kuriosite.fr\/wp-content\/uploads\/2025\/09\/IMG_6447-768x1024.jpeg?strip=info&#038;w=900&#038;ssl=1 900w,https:\/\/i0.wp.com\/kuriosite.fr\/wp-content\/uploads\/2025\/09\/IMG_6447-768x1024.jpeg?strip=info&#038;w=1200&#038;ssl=1 1200w,https:\/\/i0.wp.com\/kuriosite.fr\/wp-content\/uploads\/2025\/09\/IMG_6447-768x1024.jpeg?strip=info&#038;w=1500&#038;ssl=1 1500w,https:\/\/i0.wp.com\/kuriosite.fr\/wp-content\/uploads\/2025\/09\/IMG_6447-768x1024.jpeg?strip=info&#038;w=1800&#038;ssl=1 1800w,https:\/\/i0.wp.com\/kuriosite.fr\/wp-content\/uploads\/2025\/09\/IMG_6447-768x1024.jpeg?strip=info&#038;w=1920&#038;ssl=1 1920w\" alt=\"\" data-height=\"2560\" data-id=\"5510\" data-link=\"https:\/\/kuriosite.fr\/?attachment_id=5510\" data-url=\"https:\/\/kuriosite.fr\/wp-content\/uploads\/2025\/09\/IMG_6447-768x1024.jpeg\" data-width=\"1920\" src=\"https:\/\/i0.wp.com\/kuriosite.fr\/wp-content\/uploads\/2025\/09\/IMG_6447-768x1024.jpeg?ssl=1\" data-amp-layout=\"responsive\"\/><\/figure><\/div><\/div><div class=\"tiled-gallery__row\"><div class=\"tiled-gallery__col\" style=\"flex-basis:42.87231%\"><figure class=\"tiled-gallery__item\"><img decoding=\"async\" srcset=\"https:\/\/i0.wp.com\/kuriosite.fr\/wp-content\/uploads\/2025\/09\/IMG_9377-768x1024.jpeg?strip=info&#038;w=600&#038;ssl=1 600w,https:\/\/i0.wp.com\/kuriosite.fr\/wp-content\/uploads\/2025\/09\/IMG_9377-768x1024.jpeg?strip=info&#038;w=900&#038;ssl=1 900w,https:\/\/i0.wp.com\/kuriosite.fr\/wp-content\/uploads\/2025\/09\/IMG_9377-768x1024.jpeg?strip=info&#038;w=1200&#038;ssl=1 1200w,https:\/\/i0.wp.com\/kuriosite.fr\/wp-content\/uploads\/2025\/09\/IMG_9377-768x1024.jpeg?strip=info&#038;w=1500&#038;ssl=1 1500w,https:\/\/i0.wp.com\/kuriosite.fr\/wp-content\/uploads\/2025\/09\/IMG_9377-768x1024.jpeg?strip=info&#038;w=1800&#038;ssl=1 1800w,https:\/\/i0.wp.com\/kuriosite.fr\/wp-content\/uploads\/2025\/09\/IMG_9377-768x1024.jpeg?strip=info&#038;w=1920&#038;ssl=1 1920w\" alt=\"\" data-height=\"2560\" data-id=\"5511\" data-link=\"https:\/\/kuriosite.fr\/?attachment_id=5511\" data-url=\"https:\/\/kuriosite.fr\/wp-content\/uploads\/2025\/09\/IMG_9377-768x1024.jpeg\" data-width=\"1920\" src=\"https:\/\/i0.wp.com\/kuriosite.fr\/wp-content\/uploads\/2025\/09\/IMG_9377-768x1024.jpeg?ssl=1\" data-amp-layout=\"responsive\"\/><\/figure><\/div><div class=\"tiled-gallery__col\" style=\"flex-basis:57.12769%\"><figure class=\"tiled-gallery__item\"><img decoding=\"async\" srcset=\"https:\/\/i0.wp.com\/kuriosite.fr\/wp-content\/uploads\/2025\/09\/24E8D2F8-8046-4EE9-9715-C77865A323AA-1024x1024.jpg?strip=info&#038;w=600&#038;ssl=1 600w,https:\/\/i0.wp.com\/kuriosite.fr\/wp-content\/uploads\/2025\/09\/24E8D2F8-8046-4EE9-9715-C77865A323AA-1024x1024.jpg?strip=info&#038;w=900&#038;ssl=1 900w,https:\/\/i0.wp.com\/kuriosite.fr\/wp-content\/uploads\/2025\/09\/24E8D2F8-8046-4EE9-9715-C77865A323AA-1024x1024.jpg?strip=info&#038;w=1200&#038;ssl=1 1200w,https:\/\/i0.wp.com\/kuriosite.fr\/wp-content\/uploads\/2025\/09\/24E8D2F8-8046-4EE9-9715-C77865A323AA-1024x1024.jpg?strip=info&#038;w=1440&#038;ssl=1 1440w\" alt=\"\" data-height=\"1440\" data-id=\"5565\" data-link=\"https:\/\/kuriosite.fr\/index.php\/les-ateliers-de-coutures\/24e8d2f8-8046-4ee9-9715-c77865a323aa\/\" data-url=\"https:\/\/kuriosite.fr\/wp-content\/uploads\/2025\/09\/24E8D2F8-8046-4EE9-9715-C77865A323AA-1024x1024.jpg\" data-width=\"1440\" src=\"https:\/\/i0.wp.com\/kuriosite.fr\/wp-content\/uploads\/2025\/09\/24E8D2F8-8046-4EE9-9715-C77865A323AA-1024x1024.jpg?ssl=1\" data-amp-layout=\"responsive\"\/><\/figure><\/div><\/div><div class=\"tiled-gallery__row\"><div class=\"tiled-gallery__col\" style=\"flex-basis:33.33333%\"><figure class=\"tiled-gallery__item\"><img decoding=\"async\" srcset=\"https:\/\/i0.wp.com\/kuriosite.fr\/wp-content\/uploads\/2025\/09\/IMG_0196-768x1024.jpeg?strip=info&#038;w=600&#038;ssl=1 600w,https:\/\/i0.wp.com\/kuriosite.fr\/wp-content\/uploads\/2025\/09\/IMG_0196-768x1024.jpeg?strip=info&#038;w=900&#038;ssl=1 900w,https:\/\/i0.wp.com\/kuriosite.fr\/wp-content\/uploads\/2025\/09\/IMG_0196-768x1024.jpeg?strip=info&#038;w=1200&#038;ssl=1 1200w,https:\/\/i0.wp.com\/kuriosite.fr\/wp-content\/uploads\/2025\/09\/IMG_0196-768x1024.jpeg?strip=info&#038;w=1500&#038;ssl=1 1500w,https:\/\/i0.wp.com\/kuriosite.fr\/wp-content\/uploads\/2025\/09\/IMG_0196-768x1024.jpeg?strip=info&#038;w=1800&#038;ssl=1 1800w,https:\/\/i0.wp.com\/kuriosite.fr\/wp-content\/uploads\/2025\/09\/IMG_0196-768x1024.jpeg?strip=info&#038;w=1920&#038;ssl=1 1920w\" alt=\"\" data-height=\"2560\" data-id=\"5566\" data-link=\"https:\/\/kuriosite.fr\/index.php\/les-ateliers-de-coutures\/img_0196-2\/\" data-url=\"https:\/\/kuriosite.fr\/wp-content\/uploads\/2025\/09\/IMG_0196-768x1024.jpeg\" data-width=\"1920\" src=\"https:\/\/i0.wp.com\/kuriosite.fr\/wp-content\/uploads\/2025\/09\/IMG_0196-768x1024.jpeg?ssl=1\" data-amp-layout=\"responsive\"\/><\/figure><\/div><div class=\"tiled-gallery__col\" style=\"flex-basis:33.33333%\"><figure class=\"tiled-gallery__item\"><img decoding=\"async\" srcset=\"https:\/\/i0.wp.com\/kuriosite.fr\/wp-content\/uploads\/2025\/09\/IMG_0263-768x1024.jpeg?strip=info&#038;w=600&#038;ssl=1 600w,https:\/\/i0.wp.com\/kuriosite.fr\/wp-content\/uploads\/2025\/09\/IMG_0263-768x1024.jpeg?strip=info&#038;w=900&#038;ssl=1 900w,https:\/\/i0.wp.com\/kuriosite.fr\/wp-content\/uploads\/2025\/09\/IMG_0263-768x1024.jpeg?strip=info&#038;w=1200&#038;ssl=1 1200w,https:\/\/i0.wp.com\/kuriosite.fr\/wp-content\/uploads\/2025\/09\/IMG_0263-768x1024.jpeg?strip=info&#038;w=1500&#038;ssl=1 1500w,https:\/\/i0.wp.com\/kuriosite.fr\/wp-content\/uploads\/2025\/09\/IMG_0263-768x1024.jpeg?strip=info&#038;w=1800&#038;ssl=1 1800w,https:\/\/i0.wp.com\/kuriosite.fr\/wp-content\/uploads\/2025\/09\/IMG_0263-768x1024.jpeg?strip=info&#038;w=1920&#038;ssl=1 1920w\" alt=\"\" data-height=\"2560\" data-id=\"5568\" data-link=\"https:\/\/kuriosite.fr\/index.php\/les-ateliers-de-coutures\/img_0263\/\" data-url=\"https:\/\/kuriosite.fr\/wp-content\/uploads\/2025\/09\/IMG_0263-768x1024.jpeg\" data-width=\"1920\" src=\"https:\/\/i0.wp.com\/kuriosite.fr\/wp-content\/uploads\/2025\/09\/IMG_0263-768x1024.jpeg?ssl=1\" data-amp-layout=\"responsive\"\/><\/figure><\/div><div class=\"tiled-gallery__col\" style=\"flex-basis:33.33333%\"><figure class=\"tiled-gallery__item\"><img decoding=\"async\" srcset=\"https:\/\/i0.wp.com\/kuriosite.fr\/wp-content\/uploads\/2025\/09\/IMG_3724-768x1024.jpeg?strip=info&#038;w=600&#038;ssl=1 600w,https:\/\/i0.wp.com\/kuriosite.fr\/wp-content\/uploads\/2025\/09\/IMG_3724-768x1024.jpeg?strip=info&#038;w=900&#038;ssl=1 900w,https:\/\/i0.wp.com\/kuriosite.fr\/wp-content\/uploads\/2025\/09\/IMG_3724-768x1024.jpeg?strip=info&#038;w=1200&#038;ssl=1 1200w,https:\/\/i0.wp.com\/kuriosite.fr\/wp-content\/uploads\/2025\/09\/IMG_3724-768x1024.jpeg?strip=info&#038;w=1500&#038;ssl=1 1500w,https:\/\/i0.wp.com\/kuriosite.fr\/wp-content\/uploads\/2025\/09\/IMG_3724-768x1024.jpeg?strip=info&#038;w=1800&#038;ssl=1 1800w,https:\/\/i0.wp.com\/kuriosite.fr\/wp-content\/uploads\/2025\/09\/IMG_3724-768x1024.jpeg?strip=info&#038;w=1920&#038;ssl=1 1920w\" alt=\"\" data-height=\"2560\" data-id=\"5569\" data-link=\"https:\/\/kuriosite.fr\/index.php\/les-ateliers-de-coutures\/img_3724\/\" data-url=\"https:\/\/kuriosite.fr\/wp-content\/uploads\/2025\/09\/IMG_3724-768x1024.jpeg\" data-width=\"1920\" src=\"https:\/\/i0.wp.com\/kuriosite.fr\/wp-content\/uploads\/2025\/09\/IMG_3724-768x1024.jpeg?ssl=1\" data-amp-layout=\"responsive\"\/><\/figure><\/div><\/div><\/div><\/div><\/div>\n\n\n\n<p><\/p>\n","protected":false},"excerpt":{"rendered":"<p>\u2728&nbsp;Kuriosit\u00e9 \u2013 Les Ateliers de Couture&nbsp;\u2728 Dans l\u2019esprit des cabinets de curiosit\u00e9, o\u00f9 l\u2019on cultivait l\u2019art, le savoir et le geste pr\u00e9cieux,&nbsp;Kuriosit\u00e9&nbsp;vous invite \u00e0 d\u00e9couvrir ou approfondir l\u2019univers de la couture. Chaque cours est pens\u00e9 comme un moment d\u2019apprentissage pratique, mais aussi comme un temps de cr\u00e9ativit\u00e9 et de plaisir, pour redonner toute sa valeur [&hellip;]<\/p>\n","protected":false},"author":1,"featured_media":0,"parent":0,"menu_order":0,"comment_status":"closed","ping_status":"closed","template":"","meta":{"_monsterinsights_skip_tracking":false,"_monsterinsights_sitenote_active":false,"_monsterinsights_sitenote_note":"","_monsterinsights_sitenote_category":0,"_uf_show_specific_survey":0,"_uf_disable_surveys":false,"footnotes":""},"class_list":["post-5503","page","type-page","status-publish","hentry"],"jetpack-related-posts":[],"jetpack_sharing_enabled":true,"_links":{"self":[{"href":"https:\/\/kuriosite.fr\/index.php\/wp-json\/wp\/v2\/pages\/5503","targetHints":{"allow":["GET"]}}],"collection":[{"href":"https:\/\/kuriosite.fr\/index.php\/wp-json\/wp\/v2\/pages"}],"about":[{"href":"https:\/\/kuriosite.fr\/index.php\/wp-json\/wp\/v2\/types\/page"}],"author":[{"embeddable":true,"href":"https:\/\/kuriosite.fr\/index.php\/wp-json\/wp\/v2\/users\/1"}],"replies":[{"embeddable":true,"href":"https:\/\/kuriosite.fr\/index.php\/wp-json\/wp\/v2\/comments?post=5503"}],"version-history":[{"count":2,"href":"https:\/\/kuriosite.fr\/index.php\/wp-json\/wp\/v2\/pages\/5503\/revisions"}],"predecessor-version":[{"id":5570,"href":"https:\/\/kuriosite.fr\/index.php\/wp-json\/wp\/v2\/pages\/5503\/revisions\/5570"}],"wp:attachment":[{"href":"https:\/\/kuriosite.fr\/index.php\/wp-json\/wp\/v2\/media?parent=5503"}],"curies":[{"name":"wp","href":"https:\/\/api.w.org\/{rel}","templated":true}]}}