{"id":8,"date":"2017-11-17T11:12:51","date_gmt":"2017-11-17T10:12:51","guid":{"rendered":"http:\/\/kuriosite.fr\/?page_id=8"},"modified":"2024-06-24T20:02:52","modified_gmt":"2024-06-24T18:02:52","slug":"a-propos-de-kuriosite","status":"publish","type":"page","link":"https:\/\/kuriosite.fr\/index.php\/a-propos-de-kuriosite\/","title":{"rendered":"\u00c0 PROPOS DE KURIOSIT\u00c9"},"content":{"rendered":"\n<p class=\"has-text-align-center\"><strong>Un peu d\u2019histoire\u2026.<\/strong>  Au XIV\u00e8me si\u00e8cle, \u00e0 l\u2019heure des colonies et des premi\u00e8res fouilles arch\u00e9ologiques, <br> l\u2019Europe d\u00e9couvrait des plantes, des animaux, des objets exotiques, et m\u00eame des tr\u00e9sors de l\u2019\u00c9gypte Antique<\/p>\n\n\n\n<p class=\"has-text-align-center\">Au d\u00e9but du XVIII\u00e8me si\u00e8cle, les collections deviennent de plus en plus repr\u00e9sentatives du r\u00e8gne animal et du r\u00e8gne v\u00e9g\u00e9tal.<\/p>\n\n\n\n<p class=\"has-text-align-center\">Des trouvailles bizarres et stup\u00e9fiantes que les riches et les notables <br> aimaient exposer dans leurs salons priv\u00e9s pour impressionner leurs invit\u00e9s. <\/p>\n\n\n\n<p class=\"has-text-align-center\"><strong><em>Le style \u00ab cabinet de curiosit\u00e9s \u00bb \u00e9tait n\u00e9 !<\/em><\/strong><\/p>\n\n\n\n<figure class=\"wp-block-image size-large is-resized\"><img loading=\"lazy\" decoding=\"async\" width=\"1024\" height=\"585\" src=\"https:\/\/kuriosite.fr\/wp-content\/uploads\/2019\/11\/Lienzo-Tela-Canvas-Vista-Paul-Rubens-Arte-Barroco-1024x585.jpg\" alt=\"\" class=\"wp-image-671\" style=\"width:914px;height:367px\" srcset=\"https:\/\/kuriosite.fr\/wp-content\/uploads\/2019\/11\/Lienzo-Tela-Canvas-Vista-Paul-Rubens-Arte-Barroco-1024x585.jpg 1024w, https:\/\/kuriosite.fr\/wp-content\/uploads\/2019\/11\/Lienzo-Tela-Canvas-Vista-Paul-Rubens-Arte-Barroco-300x172.jpg 300w, https:\/\/kuriosite.fr\/wp-content\/uploads\/2019\/11\/Lienzo-Tela-Canvas-Vista-Paul-Rubens-Arte-Barroco-768x439.jpg 768w, https:\/\/kuriosite.fr\/wp-content\/uploads\/2019\/11\/Lienzo-Tela-Canvas-Vista-Paul-Rubens-Arte-Barroco-370x212.jpg 370w, https:\/\/kuriosite.fr\/wp-content\/uploads\/2019\/11\/Lienzo-Tela-Canvas-Vista-Paul-Rubens-Arte-Barroco-1040x595.jpg 1040w, https:\/\/kuriosite.fr\/wp-content\/uploads\/2019\/11\/Lienzo-Tela-Canvas-Vista-Paul-Rubens-Arte-Barroco.jpg 1200w\" sizes=\"auto, (max-width: 1024px) 100vw, 1024px\" \/><\/figure>\n","protected":false},"excerpt":{"rendered":"<p>Un peu d\u2019histoire\u2026. Au XIV\u00e8me si\u00e8cle, \u00e0 l\u2019heure des colonies et des premi\u00e8res fouilles arch\u00e9ologiques, l\u2019Europe d\u00e9couvrait des plantes, des animaux, des objets exotiques, et m\u00eame des tr\u00e9sors de l\u2019\u00c9gypte Antique Au d\u00e9but du XVIII\u00e8me si\u00e8cle, les collections deviennent de plus en plus repr\u00e9sentatives du r\u00e8gne animal et du r\u00e8gne v\u00e9g\u00e9tal. Des trouvailles bizarres et [&hellip;]<\/p>\n","protected":false},"author":1,"featured_media":0,"parent":0,"menu_order":2,"comment_status":"closed","ping_status":"closed","template":"","meta":{"_monsterinsights_skip_tracking":false,"_monsterinsights_sitenote_active":false,"_monsterinsights_sitenote_note":"","_monsterinsights_sitenote_category":0,"_uf_show_specific_survey":0,"_uf_disable_surveys":false,"footnotes":""},"class_list":["post-8","page","type-page","status-publish","hentry"],"jetpack-related-posts":[],"jetpack_sharing_enabled":true,"_links":{"self":[{"href":"https:\/\/kuriosite.fr\/index.php\/wp-json\/wp\/v2\/pages\/8","targetHints":{"allow":["GET"]}}],"collection":[{"href":"https:\/\/kuriosite.fr\/index.php\/wp-json\/wp\/v2\/pages"}],"about":[{"href":"https:\/\/kuriosite.fr\/index.php\/wp-json\/wp\/v2\/types\/page"}],"author":[{"embeddable":true,"href":"https:\/\/kuriosite.fr\/index.php\/wp-json\/wp\/v2\/users\/1"}],"replies":[{"embeddable":true,"href":"https:\/\/kuriosite.fr\/index.php\/wp-json\/wp\/v2\/comments?post=8"}],"version-history":[{"count":18,"href":"https:\/\/kuriosite.fr\/index.php\/wp-json\/wp\/v2\/pages\/8\/revisions"}],"predecessor-version":[{"id":3401,"href":"https:\/\/kuriosite.fr\/index.php\/wp-json\/wp\/v2\/pages\/8\/revisions\/3401"}],"wp:attachment":[{"href":"https:\/\/kuriosite.fr\/index.php\/wp-json\/wp\/v2\/media?parent=8"}],"curies":[{"name":"wp","href":"https:\/\/api.w.org\/{rel}","templated":true}]}}